{"id":188,"date":"2024-07-09T09:06:18","date_gmt":"2024-07-09T09:06:18","guid":{"rendered":"https:\/\/kaitoindustries.com\/?page_id=188"},"modified":"2024-07-09T09:06:20","modified_gmt":"2024-07-09T09:06:20","slug":"antivirus-administrado-premium","status":"publish","type":"page","link":"https:\/\/www.kaitoindustries.com\/?page_id=188","title":{"rendered":"ANTIVIRUS ADMINISTRADO PREMIUM"},"content":{"rendered":"\n<h3 class=\"wp-block-heading\">Limpia su PC en s\u00f3lo unos minutos<\/h3>\n\n\n\n<p>Nos dimos a conocer gracias a nuestro detector gratuito. No solo encuentra amenazas como malware o virus, sino que tambi\u00e9n encuentra programas potencialmente no deseados que podr\u00edan ralentizar su equipo.<\/p>\n\n\n\n<h3 class=\"wp-block-heading\">Asegura su PC, archivos y privacidad 24 horas al d\u00eda<\/h3>\n\n\n\n<p>La protecci\u00f3n en tiempo real utiliza inteligencia artificial y aprendizaje autom\u00e1tico para mantenerle a salvo de las amenazas online, incluidas las amenazas emergentes que nadie ha visto antes.<\/p>\n\n\n\n<figure class=\"wp-block-image\"><img data-recalc-dims=\"1\" decoding=\"async\" src=\"https:\/\/i0.wp.com\/es.malwarebytes.com\/images\/website-refresh\/premium\/secures_your_pc.webp?w=610&#038;ssl=1\" alt=\"Asegura su PC\"\/><\/figure>\n\n\n\n<figure class=\"wp-block-image\"><img data-recalc-dims=\"1\" decoding=\"async\" src=\"https:\/\/i0.wp.com\/es.malwarebytes.com\/images\/website-refresh\/premium\/online-scammers.webp?w=610&#038;ssl=1\" alt=\"estafadores online\"\/><\/figure>\n\n\n\n<h3 class=\"wp-block-heading\">Le protege frente a estafadores online<\/h3>\n\n\n\n<p>La protecci\u00f3n web bloquea estafas online, sitios infectados y enlaces maliciosos. Tambi\u00e9n bloquea estafas de phishing, que utilizan sitios falsos para enga\u00f1arle y que revele informaci\u00f3n privada como sus datos bancarios.<\/p>\n\n\n\n<figure class=\"wp-block-image\"><img decoding=\"async\" src=\"https:\/\/es.malwarebytes.com\/images\/website-refresh\/premium\/ransomware.svg\" alt=\"Detiene el ransomware\"\/><\/figure>\n\n\n\n<h3 class=\"wp-block-heading\">Detiene el ransomware<\/h3>\n\n\n\n<p>La protecci\u00f3n contra ransomware utiliza nuestra tecnolog\u00eda exclusiva para crear una defensa potente frente al malware que bloquea su PC y toma sus archivos y fotos como rehenes.<\/p>\n\n\n\n<figure class=\"wp-block-image\"><img decoding=\"async\" src=\"https:\/\/es.malwarebytes.com\/images\/website-refresh\/premium\/jotta-cloud.svg\" alt=\"Respeta su espacio\"\/><\/figure>\n\n\n\n<h3 class=\"wp-block-heading\">Respeta su espacio<\/h3>\n\n\n\n<p>Los an\u00e1lisis utilizan ahora el 50% menos de recursos de CPU que antes y, con el Modo de juego, puede incluso desactivar las notificaciones y actualizaciones mientras juega o ve pel\u00edculas.<\/p>\n\n\n\n<figure class=\"wp-block-image\"><img decoding=\"async\" src=\"https:\/\/es.malwarebytes.com\/images\/website-refresh\/premium\/calendar.svg\" alt=\"Simplifique su seguridad\"\/><\/figure>\n\n\n\n<h3 class=\"wp-block-heading\">Simplifique su seguridad<\/h3>\n\n\n\n<p>Nuestra nueva interfaz de usuario permite que personalizar su protecci\u00f3n sea m\u00e1s f\u00e1cil que nunca. Programe an\u00e1lisis, ajuste las capas de protecci\u00f3n y elija entre tres modos de an\u00e1lisis.<\/p>\n\n\n\n<div class=\"wp-block-jetpack-payment-buttons is-layout-flex wp-block-jetpack-payment-buttons-is-layout-flex\">\n<div class=\"wp-block-jetpack-recurring-payments wp-block-button\"><div class=\"wp-block-jetpack-button wp-block-button\"><a class=\"wp-block-button__link\" data-id-attr=\"recurring-payments-189\" id=\"recurring-payments-189\" href=\"https:\/\/subscribe.wordpress.com\/memberships\/?blog=226669283&amp;plan=189&amp;lang=es_ES&amp;pid=188&amp;redirect=https%3A%2F%2Fwww.kaitoindustries.com\" target=\"_blank\" role=\"button\" rel=\"noopener noreferrer\" data-wp-class--is-submitting=\"state.isSubmitting\" data-wp-bind--aria-disabled=\"state.isAriaDisabled\">SUSCRIBETE<span class=\"spinner\" aria-hidden=\"true\"><span class=\"is-visually-hidden\">Enviando formulario<\/span><\/span><\/a><\/div><\/div>\n<\/div>\n","protected":false},"excerpt":{"rendered":"<p>Limpia su PC en s\u00f3lo unos minutos Nos dimos a conocer gracias a nuestro detector gratuito. No solo encuentra amenazas como malware o virus, sino que tambi\u00e9n encuentra programas potencialmente no deseados que podr\u00edan ralentizar su equipo. Asegura su PC, archivos y privacidad 24 horas al d\u00eda La protecci\u00f3n en tiempo real utiliza inteligencia artificial [&hellip;]<\/p>\n","protected":false},"author":1,"featured_media":0,"parent":0,"menu_order":0,"comment_status":"closed","ping_status":"closed","template":"","meta":{"footnotes":""},"class_list":["post-188","page","type-page","status-publish","hentry"],"jetpack_sharing_enabled":true,"_links":{"self":[{"href":"https:\/\/www.kaitoindustries.com\/index.php?rest_route=\/wp\/v2\/pages\/188","targetHints":{"allow":["GET"]}}],"collection":[{"href":"https:\/\/www.kaitoindustries.com\/index.php?rest_route=\/wp\/v2\/pages"}],"about":[{"href":"https:\/\/www.kaitoindustries.com\/index.php?rest_route=\/wp\/v2\/types\/page"}],"author":[{"embeddable":true,"href":"https:\/\/www.kaitoindustries.com\/index.php?rest_route=\/wp\/v2\/users\/1"}],"replies":[{"embeddable":true,"href":"https:\/\/www.kaitoindustries.com\/index.php?rest_route=%2Fwp%2Fv2%2Fcomments&post=188"}],"version-history":[{"count":1,"href":"https:\/\/www.kaitoindustries.com\/index.php?rest_route=\/wp\/v2\/pages\/188\/revisions"}],"predecessor-version":[{"id":190,"href":"https:\/\/www.kaitoindustries.com\/index.php?rest_route=\/wp\/v2\/pages\/188\/revisions\/190"}],"wp:attachment":[{"href":"https:\/\/www.kaitoindustries.com\/index.php?rest_route=%2Fwp%2Fv2%2Fmedia&parent=188"}],"curies":[{"name":"wp","href":"https:\/\/api.w.org\/{rel}","templated":true}]}}