{"id":2,"date":"2016-05-10T03:48:21","date_gmt":"2016-05-10T03:48:21","guid":{"rendered":"http:\/\/kaitoindustries.com\/?page_id=2"},"modified":"2024-05-08T11:08:11","modified_gmt":"2024-05-08T11:08:11","slug":"sample-page","status":"publish","type":"page","link":"https:\/\/www.kaitoindustries.com\/?page_id=2","title":{"rendered":"PLAN SP1"},"content":{"rendered":"<h3>Descripci\u00f3n del producto<\/h3>\n<p><strong><em>Mantenimiento inform\u00e1tico de sistemas para empresas de 1-5 equipos principales con 1 servidor, impresora de red y router standar.<\/em><\/strong><\/p>\n<p><strong><em>incluye desplazamientos, horas de mano de obra, servicio t\u00e9cnico remoto y servicio de atenci\u00f3n telef\u00f3nica o whatsapp en horario comercial de L-V<\/em><\/strong><\/p>\n<p>(Los componentes necesarios para una reparaci\u00f3n y los equipos ,sistemas nuevos o de ocasion adquiridos y consumibles tienen su coste normal)<\/p>\n<p><strong><em>SISTEMA DE SEGURIDAD PASIVA Y ACTIVA, MALWARE PREMIUM ADMINISTRADO.<\/em><\/strong><\/p>\n<p><strong><em>SISTEMA DE COPIAS DE SEGURIDAD AUTOMATIZADAS.<\/em><\/strong><\/p>\n\n\n<div class=\"wp-block-jetpack-payment-buttons is-layout-flex wp-block-jetpack-payment-buttons-is-layout-flex\">\n<div class=\"wp-block-jetpack-recurring-payments wp-block-button\"><div class=\"wp-block-jetpack-button wp-block-button\"><a class=\"wp-block-button__link\" data-id-attr=\"recurring-payments-157\" id=\"recurring-payments-157\" href=\"https:\/\/subscribe.wordpress.com\/memberships\/?blog=226669283&amp;plan=157&amp;lang=es_ES&amp;pid=2&amp;redirect=https%3A%2F%2Fwww.kaitoindustries.com\" target=\"_blank\" role=\"button\" rel=\"noopener noreferrer\" data-wp-class--is-submitting=\"state.isSubmitting\" data-wp-bind--aria-disabled=\"state.isAriaDisabled\">MANTENIMIENTO CUOTA MENSUAL<span class=\"spinner\" aria-hidden=\"true\"><span class=\"is-visually-hidden\">Enviando formulario<\/span><\/span><\/a><\/div><\/div>\n<\/div>\n","protected":false},"excerpt":{"rendered":"<p>Descripci\u00f3n del producto Mantenimiento inform\u00e1tico de sistemas para empresas de 1-5 equipos principales con 1 servidor, impresora de red y router standar. incluye desplazamientos, horas de mano de obra, servicio t\u00e9cnico remoto y servicio de atenci\u00f3n telef\u00f3nica o whatsapp en horario comercial de L-V (Los componentes necesarios para una reparaci\u00f3n y los equipos ,sistemas nuevos [&hellip;]<\/p>\n","protected":false},"author":1,"featured_media":0,"parent":0,"menu_order":0,"comment_status":"closed","ping_status":"closed","template":"","meta":{"footnotes":""},"class_list":["post-2","page","type-page","status-publish","hentry"],"jetpack_sharing_enabled":true,"_links":{"self":[{"href":"https:\/\/www.kaitoindustries.com\/index.php?rest_route=\/wp\/v2\/pages\/2","targetHints":{"allow":["GET"]}}],"collection":[{"href":"https:\/\/www.kaitoindustries.com\/index.php?rest_route=\/wp\/v2\/pages"}],"about":[{"href":"https:\/\/www.kaitoindustries.com\/index.php?rest_route=\/wp\/v2\/types\/page"}],"author":[{"embeddable":true,"href":"https:\/\/www.kaitoindustries.com\/index.php?rest_route=\/wp\/v2\/users\/1"}],"replies":[{"embeddable":true,"href":"https:\/\/www.kaitoindustries.com\/index.php?rest_route=%2Fwp%2Fv2%2Fcomments&post=2"}],"version-history":[{"count":4,"href":"https:\/\/www.kaitoindustries.com\/index.php?rest_route=\/wp\/v2\/pages\/2\/revisions"}],"predecessor-version":[{"id":160,"href":"https:\/\/www.kaitoindustries.com\/index.php?rest_route=\/wp\/v2\/pages\/2\/revisions\/160"}],"wp:attachment":[{"href":"https:\/\/www.kaitoindustries.com\/index.php?rest_route=%2Fwp%2Fv2%2Fmedia&parent=2"}],"curies":[{"name":"wp","href":"https:\/\/api.w.org\/{rel}","templated":true}]}}