{"id":239,"date":"2025-02-04T12:14:54","date_gmt":"2025-02-04T12:14:54","guid":{"rendered":"https:\/\/www.kaitoindustries.com\/?page_id=239"},"modified":"2025-02-04T12:14:57","modified_gmt":"2025-02-04T12:14:57","slug":"condiciones-generales","status":"publish","type":"page","link":"https:\/\/www.kaitoindustries.com\/?page_id=239","title":{"rendered":"CONDICIONES GENERALES"},"content":{"rendered":"\n<p>TODOS LOS SERVICIOS OFERTADOS SON PREVIO A CONSULTA EN NUESTRA TIENDA F\u00cdSICA. Es importante que los clientes visiten el establecimiento para recibir una atenci\u00f3n personalizada que les permitir\u00e1 comprender mejor cada uno de los servicios disponibles y hacer las preguntas que consideren necesarias. Si alguna persona decide contratar alguno de los servicios o de suscripci\u00f3n mensual sin antes pasar por la tienda f\u00edsica, lamentablemente se le retornar\u00e1 el dinero y se anular\u00e1 dicha suscripci\u00f3n, esto con el fin de evitar posibles malentendidos o insatisfacciones, ya que queremos asegurarnos de que cada cliente tenga la mejor experiencia posible. Por ello, recomendamos encarecidamente que vengan antes a la tienda para hablarlo en persona, donde nuestro equipo estar\u00e1 encantado de asesorarles y ayudarles a tomar la mejor decisi\u00f3n acorde a sus necesidades espec\u00edficas.<\/p>\n\n\n\n<p>En el momento del cargo, dicho servicio quedar\u00e1 activo y se cobrar\u00e1 cada mes. Es importante se\u00f1alar que, si en alg\u00fan momento el cliente desea cancelar este servicio, puede hacerlo de manera sencilla y r\u00e1pida, ya sea desde la web en el apartado MI CUENTA, donde encontrar\u00e1 un acceso directo para gestionar sus suscripciones, o llamando al tel\u00e9fono de contacto, donde nuestro equipo estar\u00e1 encantado de asistirle en el proceso. Tambi\u00e9n tiene la opci\u00f3n de personarse en nuestra tienda f\u00edsica, donde podr\u00e1 recibir atenci\u00f3n personalizada y resolver cualquier duda que pueda tener sobre su suscripci\u00f3n. Adem\u00e1s, le recordamos que mantendremos informados a nuestros clientes sobre cualquier novedad o cambio en los t\u00e9rminos del servicio a trav\u00e9s de correos electr\u00f3nicos peri\u00f3dicos y notificaciones en nuestra plataforma.<\/p>\n\n\n\n<p>Al ser SERVICIOS lo que vendemos, no hay ninguna pol\u00edtica de devoluci\u00f3n posible, ya que nuestros productos consisten en prestaciones intangibles que se consumen desde el momento de su contrataci\u00f3n. Sin embargo, entendemos que puede haber circunstancias en las que el cliente desee desistir de dichos servicios. En tal caso, el cliente tiene la opci\u00f3n de cancelar su suscripci\u00f3n, lo que llevar\u00e1 a que no se le cobre el mes siguiente, asegurando as\u00ed que no incurra en gastos adicionales. Esta pol\u00edtica nos permite mantener un servicio de calidad y evitar inconvenientes tanto para el cliente como para nuestra empresa, garantizando que nuestra atenci\u00f3n se centre en brindar la mejor experiencia posible durante el tiempo que el servicio est\u00e9 activo.<\/p>\n","protected":false},"excerpt":{"rendered":"<p>TODOS LOS SERVICIOS OFERTADOS SON PREVIO A CONSULTA EN NUESTRA TIENDA F\u00cdSICA. Es importante que los clientes visiten el establecimiento para recibir una atenci\u00f3n personalizada que les permitir\u00e1 comprender mejor cada uno de los servicios disponibles y hacer las preguntas que consideren necesarias. Si alguna persona decide contratar alguno de los servicios o de suscripci\u00f3n [&hellip;]<\/p>\n","protected":false},"author":1,"featured_media":0,"parent":0,"menu_order":0,"comment_status":"closed","ping_status":"closed","template":"","meta":{"footnotes":""},"class_list":["post-239","page","type-page","status-publish","hentry"],"jetpack_sharing_enabled":true,"_links":{"self":[{"href":"https:\/\/www.kaitoindustries.com\/index.php?rest_route=\/wp\/v2\/pages\/239","targetHints":{"allow":["GET"]}}],"collection":[{"href":"https:\/\/www.kaitoindustries.com\/index.php?rest_route=\/wp\/v2\/pages"}],"about":[{"href":"https:\/\/www.kaitoindustries.com\/index.php?rest_route=\/wp\/v2\/types\/page"}],"author":[{"embeddable":true,"href":"https:\/\/www.kaitoindustries.com\/index.php?rest_route=\/wp\/v2\/users\/1"}],"replies":[{"embeddable":true,"href":"https:\/\/www.kaitoindustries.com\/index.php?rest_route=%2Fwp%2Fv2%2Fcomments&post=239"}],"version-history":[{"count":1,"href":"https:\/\/www.kaitoindustries.com\/index.php?rest_route=\/wp\/v2\/pages\/239\/revisions"}],"predecessor-version":[{"id":240,"href":"https:\/\/www.kaitoindustries.com\/index.php?rest_route=\/wp\/v2\/pages\/239\/revisions\/240"}],"wp:attachment":[{"href":"https:\/\/www.kaitoindustries.com\/index.php?rest_route=%2Fwp%2Fv2%2Fmedia&parent=239"}],"curies":[{"name":"wp","href":"https:\/\/api.w.org\/{rel}","templated":true}]}}